{"id":2369,"date":"2022-05-09T20:37:58","date_gmt":"2022-05-09T19:37:58","guid":{"rendered":"https:\/\/www.reinetablanca.com\/?post_type=product&#038;p=2369"},"modified":"2023-10-28T19:50:47","modified_gmt":"2023-10-28T18:50:47","slug":"vinagre-de-sidra-de-manzana-pack-botella-500ml-pouch-15l","status":"publish","type":"product","link":"https:\/\/www.reinetablanca.com\/en\/oldproducto\/vinagre-de-sidra-de-manzana-pack-botella-500ml-pouch-15l\/","title":{"rendered":"Apple Cider Vinegar Pack bottle + pouch"},"content":{"rendered":"<p>&#8211; Con el nuevo formato &#8220;pouch&#8221; podr\u00e1s rellenar tu botella de cristal de 500ml hasta en tres ocasiones.<\/p>\n<p>&#8211; Formato pouch con grifo incorporado para rellenar la botella original de Reineta Blanca.<\/p>\n<p>- Our vinegar comes from the rich and unique cider produced in the heart of the Sierra de Gredos. All apples are harvested exclusively in these mountains and valleys. We are proud to create a very high quality Spanish product, from scratch, with our own hands and knowledge.<\/p>\n<p class=\" translation-block\">- REINETA BLANCA Apple Cider Vinegar is made from the finest Canadian Reineta Blanca apples, pressing and fermenting their juice, letting The Mother do her work.<\/p>\n<p>- The aroma is an unmistakable fragrance of freshly picked apples.<\/p>\n<p style=\"text-align: left;\">- The taste is a sweet-vibrant acidity that will enhance the flavors of your dishes (you can skip the salt!) and brighten every sip of your favorite mocktail.<\/p>","protected":false},"excerpt":{"rendered":"<pre><span style=\"font-family: Helvetica;\"><span class=\"a-list-item\" style=\"font-size: 10pt;\">\ud83c\udf4f Pack 1 botella de cristal de 500 ml + 1 pouch con grifo de 1,5L para rellenar.\r\n<\/span><\/span><span style=\"font-family: Helvetica;\"><span class=\"a-list-item\" style=\"font-size: 10pt;\"><span style=\"font-family: Helvetica\"><span class=\"a-list-item\" style=\"font-size: 10pt\">\ud83c\udf4f WITH the MOTHER - providing all the proteins and bacteria that make apple cider vinegar so effective and healthy.<\/span><\/span>\r\n<\/span><\/span><span style=\"font-family: Helvetica;\"><span class=\"a-list-item\" style=\"font-size: 10pt;\"><span style=\"font-family: Helvetica\"><span class=\"a-list-item\" style=\"font-size: 10pt\">\ud83c\udf4f 100% HANDCRAFTED APPLE CIDER VINEGAR - raw, unpasteurized, unfiltered and 5% acidity.<\/span><\/span>\r\n<\/span><\/span><span style=\"font-family: Helvetica;\"><span class=\"a-list-item\" style=\"font-size: 10pt;\"><span class=\"a-list-item\" style=\"font-size: 10pt\">\ud83c\udf4f IDEAL FOR - dressing salads, healthy dishes, energizing your homemade biscuits, preparing detox infusions, etc.<\/span><\/span><\/span> \r\n<\/span><span style=\"font-family: Helvetica;\"><span class=\"a-list-item\" style=\"font-size: 10pt;\">\ud83c\udf4f Natural, aromatic made with the most delicious white reineta apples from 7 indigenous producers of high mountain areas. Sulfite-free .<\/span> \r\n<\/span><span style=\"font-family: Helvetica;\"><span class=\"a-list-item\" style=\"font-size: 10pt;\">\ud83c\udf4f RICH IN POTASSIUM AND ENZYMES - Helps maintain a healthy lifestyle, strengthening the immune system and lowering blood sugar levels.<\/span> \r\n<\/span><span style=\"font-family: Helvetica;\"><span class=\"a-list-item\"><span style=\"font-size: 10pt;\">\ud83c\udf4f HELPS LOSE WEIGHT: It is low in calories, helps to have a healthy digestion and maintain a balanced PH.<\/span> <\/span><\/span><\/pre>","protected":false},"featured_media":2373,"comment_status":"open","ping_status":"closed","template":"","meta":[],"product_cat":[19],"product_tag":[28],"yoast_head":"<!-- This site is optimized with the Yoast SEO plugin v21.0 - https:\/\/yoast.com\/wordpress\/plugins\/seo\/ -->\n<title>Vinagre de sidra de manzana - Pack botella + pouch grifo - Reineta Blanca<\/title>\n<meta name=\"robots\" content=\"index, follow, max-snippet:-1, max-image-preview:large, max-video-preview:-1\" \/>\n<link rel=\"canonical\" href=\"https:\/\/www.reinetablanca.com\/en\/oldproducto\/vinagre-de-sidra-de-manzana-pack-botella-500ml-pouch-15l\/\" \/>\n<meta property=\"og:locale\" content=\"en_GB\" \/>\n<meta property=\"og:type\" content=\"article\" \/>\n<meta property=\"og:title\" content=\"Vinagre de sidra de manzana - Pack botella + pouch grifo - Reineta Blanca\" \/>\n<meta property=\"og:description\" content=\"\ud83c\udf4f Pack 1 botella de cristal de 500 ml + 1 pouch con grifo de 1,5L para rellenar. \ud83c\udf4f CON la MADRE - que aporta todas las prote\u00ednas y bacterias que hacen que el vinagre de sidra de manzana sea tan efectivo y saludable. \ud83c\udf4f 100% VINAGRE DE SIDRA DE MANZANA ARTESANAL - crudo, sin pasteurizar, sin filtrar y con un 5% de acidez. \ud83c\udf4f IDEAL PARA - aderezar ensaladas, platos saludables, darle energ\u00eda a tus bizcochos caseros, preparar infusiones d\u00e9tox, etc.  \ud83c\udf4f Natural, arom\u00e1tico elaborado con las m\u00e1s deliciosas manzanas reineta blanca de 7 productores aut\u00f3ctonos de las zonas de alta monta\u00f1a. Sin sulfitos  \ud83c\udf4f RICO EN POTASIO Y ENZIMAS - Ayuda a mantener un estilo de vida saludable, reforzando el sistema inmunol\u00f3gico y disminuyendo los niveles de az\u00facar en sangre.  \ud83c\udf4f AYUDA A PERDER PESO: Es bajo en calor\u00edas, ayuda a tener una digesti\u00f3n saludable y a mantener un PH equilibrado.\" \/>\n<meta property=\"og:url\" content=\"https:\/\/www.reinetablanca.com\/en\/oldproducto\/vinagre-de-sidra-de-manzana-pack-botella-500ml-pouch-15l\/\" \/>\n<meta property=\"og:site_name\" content=\"Reineta Blanca\" \/>\n<meta property=\"article:publisher\" content=\"https:\/\/www.facebook.com\/Reineta-Blanca-104778368152041\/\" \/>\n<meta property=\"article:modified_time\" content=\"2023-10-28T18:50:47+00:00\" \/>\n<meta property=\"og:image\" content=\"https:\/\/i0.wp.com\/www.reinetablanca.com\/wp-content\/uploads\/2021\/06\/ACV-ReinetaBlanca-Amazon-PT02_recortada.jpg?fit=1493%2C1288&ssl=1\" \/>\n\t<meta property=\"og:image:width\" content=\"1493\" \/>\n\t<meta property=\"og:image:height\" content=\"1288\" \/>\n\t<meta property=\"og:image:type\" content=\"image\/jpeg\" \/>\n<meta name=\"twitter:card\" content=\"summary_large_image\" \/>\n<meta name=\"twitter:label1\" content=\"Estimated reading time\" \/>\n\t<meta name=\"twitter:data1\" content=\"1 minute\" \/>\n<script type=\"application\/ld+json\" class=\"yoast-schema-graph\">{\"@context\":\"https:\/\/schema.org\",\"@graph\":[{\"@type\":\"WebPage\",\"@id\":\"https:\/\/www.reinetablanca.com\/oldproducto\/vinagre-de-sidra-de-manzana-pack-botella-500ml-pouch-15l\/\",\"url\":\"https:\/\/www.reinetablanca.com\/oldproducto\/vinagre-de-sidra-de-manzana-pack-botella-500ml-pouch-15l\/\",\"name\":\"Vinagre de sidra de manzana - Pack botella + pouch grifo - Reineta Blanca\",\"isPartOf\":{\"@id\":\"https:\/\/www.reinetablanca.com\/#website\"},\"datePublished\":\"2022-05-09T19:37:58+00:00\",\"dateModified\":\"2023-10-28T18:50:47+00:00\",\"breadcrumb\":{\"@id\":\"https:\/\/www.reinetablanca.com\/oldproducto\/vinagre-de-sidra-de-manzana-pack-botella-500ml-pouch-15l\/#breadcrumb\"},\"inLanguage\":\"en-GB\",\"potentialAction\":[{\"@type\":\"ReadAction\",\"target\":[\"https:\/\/www.reinetablanca.com\/oldproducto\/vinagre-de-sidra-de-manzana-pack-botella-500ml-pouch-15l\/\"]}]},{\"@type\":\"BreadcrumbList\",\"@id\":\"https:\/\/www.reinetablanca.com\/oldproducto\/vinagre-de-sidra-de-manzana-pack-botella-500ml-pouch-15l\/#breadcrumb\",\"itemListElement\":[{\"@type\":\"ListItem\",\"position\":1,\"name\":\"Portada\",\"item\":\"https:\/\/www.reinetablanca.com\/\"},{\"@type\":\"ListItem\",\"position\":2,\"name\":\"Tienda\",\"item\":\"https:\/\/www.reinetablanca.com\/oldtienda\/\"},{\"@type\":\"ListItem\",\"position\":3,\"name\":\"Vinagre de sidra de manzana &#8211; Pack botella + pouch grifo\"}]},{\"@type\":\"WebSite\",\"@id\":\"https:\/\/www.reinetablanca.com\/#website\",\"url\":\"https:\/\/www.reinetablanca.com\/\",\"name\":\"Reineta Blanca\",\"description\":\"Vinagres Artesanos\",\"publisher\":{\"@id\":\"https:\/\/www.reinetablanca.com\/#organization\"},\"potentialAction\":[{\"@type\":\"SearchAction\",\"target\":{\"@type\":\"EntryPoint\",\"urlTemplate\":\"https:\/\/www.reinetablanca.com\/?s={search_term_string}\"},\"query-input\":\"required name=search_term_string\"}],\"inLanguage\":\"en-GB\"},{\"@type\":\"Organization\",\"@id\":\"https:\/\/www.reinetablanca.com\/#organization\",\"name\":\"Reineta Blanca\",\"url\":\"https:\/\/www.reinetablanca.com\/\",\"logo\":{\"@type\":\"ImageObject\",\"inLanguage\":\"en-GB\",\"@id\":\"https:\/\/www.reinetablanca.com\/#\/schema\/logo\/image\/\",\"url\":\"https:\/\/www.reinetablanca.com\/wp-content\/uploads\/2020\/10\/TEINETA-BLANCA-.png\",\"contentUrl\":\"https:\/\/www.reinetablanca.com\/wp-content\/uploads\/2020\/10\/TEINETA-BLANCA-.png\",\"width\":619,\"height\":179,\"caption\":\"Reineta Blanca\"},\"image\":{\"@id\":\"https:\/\/www.reinetablanca.com\/#\/schema\/logo\/image\/\"},\"sameAs\":[\"https:\/\/www.facebook.com\/Reineta-Blanca-104778368152041\/\",\"https:\/\/www.instagram.com\/reinetablanca\/\",\"https:\/\/www.pinterest.es\/d4f4a7f68974d097182084a83fbc6f\/\"]}]}<\/script>\n<!-- \/ Yoast SEO plugin. -->","yoast_head_json":{"title":"Vinagre de sidra de manzana - Pack botella + pouch grifo - Reineta Blanca","robots":{"index":"index","follow":"follow","max-snippet":"max-snippet:-1","max-image-preview":"max-image-preview:large","max-video-preview":"max-video-preview:-1"},"canonical":"https:\/\/www.reinetablanca.com\/en\/oldproducto\/vinagre-de-sidra-de-manzana-pack-botella-500ml-pouch-15l\/","og_locale":"en_GB","og_type":"article","og_title":"Vinagre de sidra de manzana - Pack botella + pouch grifo - Reineta Blanca","og_description":"\ud83c\udf4f Pack 1 botella de cristal de 500 ml + 1 pouch con grifo de 1,5L para rellenar. \ud83c\udf4f CON la MADRE - que aporta todas las prote\u00ednas y bacterias que hacen que el vinagre de sidra de manzana sea tan efectivo y saludable. \ud83c\udf4f 100% VINAGRE DE SIDRA DE MANZANA ARTESANAL - crudo, sin pasteurizar, sin filtrar y con un 5% de acidez. \ud83c\udf4f IDEAL PARA - aderezar ensaladas, platos saludables, darle energ\u00eda a tus bizcochos caseros, preparar infusiones d\u00e9tox, etc.  \ud83c\udf4f Natural, arom\u00e1tico elaborado con las m\u00e1s deliciosas manzanas reineta blanca de 7 productores aut\u00f3ctonos de las zonas de alta monta\u00f1a. Sin sulfitos  \ud83c\udf4f RICO EN POTASIO Y ENZIMAS - Ayuda a mantener un estilo de vida saludable, reforzando el sistema inmunol\u00f3gico y disminuyendo los niveles de az\u00facar en sangre.  \ud83c\udf4f AYUDA A PERDER PESO: Es bajo en calor\u00edas, ayuda a tener una digesti\u00f3n saludable y a mantener un PH equilibrado.","og_url":"https:\/\/www.reinetablanca.com\/en\/oldproducto\/vinagre-de-sidra-de-manzana-pack-botella-500ml-pouch-15l\/","og_site_name":"Reineta Blanca","article_publisher":"https:\/\/www.facebook.com\/Reineta-Blanca-104778368152041\/","article_modified_time":"2023-10-28T18:50:47+00:00","og_image":[{"width":1493,"height":1288,"url":"https:\/\/i0.wp.com\/www.reinetablanca.com\/wp-content\/uploads\/2021\/06\/ACV-ReinetaBlanca-Amazon-PT02_recortada.jpg?fit=1493%2C1288&ssl=1","type":"image\/jpeg"}],"twitter_card":"summary_large_image","twitter_misc":{"Estimated reading time":"1 minute"},"schema":{"@context":"https:\/\/schema.org","@graph":[{"@type":"WebPage","@id":"https:\/\/www.reinetablanca.com\/oldproducto\/vinagre-de-sidra-de-manzana-pack-botella-500ml-pouch-15l\/","url":"https:\/\/www.reinetablanca.com\/oldproducto\/vinagre-de-sidra-de-manzana-pack-botella-500ml-pouch-15l\/","name":"Vinagre de sidra de manzana - Pack botella + pouch grifo - Reineta Blanca","isPartOf":{"@id":"https:\/\/www.reinetablanca.com\/#website"},"datePublished":"2022-05-09T19:37:58+00:00","dateModified":"2023-10-28T18:50:47+00:00","breadcrumb":{"@id":"https:\/\/www.reinetablanca.com\/oldproducto\/vinagre-de-sidra-de-manzana-pack-botella-500ml-pouch-15l\/#breadcrumb"},"inLanguage":"en-GB","potentialAction":[{"@type":"ReadAction","target":["https:\/\/www.reinetablanca.com\/oldproducto\/vinagre-de-sidra-de-manzana-pack-botella-500ml-pouch-15l\/"]}]},{"@type":"BreadcrumbList","@id":"https:\/\/www.reinetablanca.com\/oldproducto\/vinagre-de-sidra-de-manzana-pack-botella-500ml-pouch-15l\/#breadcrumb","itemListElement":[{"@type":"ListItem","position":1,"name":"Portada","item":"https:\/\/www.reinetablanca.com\/"},{"@type":"ListItem","position":2,"name":"Tienda","item":"https:\/\/www.reinetablanca.com\/oldtienda\/"},{"@type":"ListItem","position":3,"name":"Vinagre de sidra de manzana &#8211; Pack botella + pouch grifo"}]},{"@type":"WebSite","@id":"https:\/\/www.reinetablanca.com\/#website","url":"https:\/\/www.reinetablanca.com\/","name":"Reineta Blanca","description":"Vinagres Artesanos","publisher":{"@id":"https:\/\/www.reinetablanca.com\/#organization"},"potentialAction":[{"@type":"SearchAction","target":{"@type":"EntryPoint","urlTemplate":"https:\/\/www.reinetablanca.com\/?s={search_term_string}"},"query-input":"required name=search_term_string"}],"inLanguage":"en-GB"},{"@type":"Organization","@id":"https:\/\/www.reinetablanca.com\/#organization","name":"Reineta Blanca","url":"https:\/\/www.reinetablanca.com\/","logo":{"@type":"ImageObject","inLanguage":"en-GB","@id":"https:\/\/www.reinetablanca.com\/#\/schema\/logo\/image\/","url":"https:\/\/www.reinetablanca.com\/wp-content\/uploads\/2020\/10\/TEINETA-BLANCA-.png","contentUrl":"https:\/\/www.reinetablanca.com\/wp-content\/uploads\/2020\/10\/TEINETA-BLANCA-.png","width":619,"height":179,"caption":"Reineta Blanca"},"image":{"@id":"https:\/\/www.reinetablanca.com\/#\/schema\/logo\/image\/"},"sameAs":["https:\/\/www.facebook.com\/Reineta-Blanca-104778368152041\/","https:\/\/www.instagram.com\/reinetablanca\/","https:\/\/www.pinterest.es\/d4f4a7f68974d097182084a83fbc6f\/"]}]}},"jetpack-related-posts":[{"id":2379,"url":"https:\/\/www.reinetablanca.com\/en\/oldproducto\/vinagre-de-sidra-de-manzana-pack-botella-pouch-copia\/","url_meta":{"origin":2369,"position":0},"title":"Vinagre de sidra de manzana &#8211; Pack Pouch grifo","date":"10 de May de 2022","format":false,"excerpt":"\ud83c\udf4f Pack pouch con grifo de 1,5L para rellenar. \ud83c\udf4f CON la MADRE - que aporta todas las prote\u00ednas y bacterias que hacen que el vinagre de sidra de manzana sea tan efectivo y saludable. \ud83c\udf4f 100% VINAGRE DE SIDRA DE MANZANA ARTESANAL - crudo, sin pasteurizar, sin filtrar y\u2026","rel":"","context":"Similar post","img":{"alt_text":"","src":"https:\/\/i0.wp.com\/www.reinetablanca.com\/wp-content\/uploads\/2022\/05\/ReinetaBlanca-bolsa-frontal-Tienda_new.jpg?fit=1200%2C1200&ssl=1&resize=350%2C200","width":350,"height":200},"classes":[]},{"id":1669,"url":"https:\/\/www.reinetablanca.com\/en\/oldproducto\/vsm_vsmm-2x500\/","url_meta":{"origin":2369,"position":1},"title":"Pack Reineta Blanca D\u00fao","date":"28 de September de 2021","format":false,"excerpt":"\ud83c\udf4f+\ud83c\udf4f\ud83d\udc1d Pack de 2 botellas de 500ml. \ud83c\udf4f+\ud83c\udf4f\ud83d\udc1d 1 botella de vinagre de sidra de manzana + 1 botella de vinagre de sidra con MIEL. \ud83c\udf4f+\ud83c\udf4f\ud83d\udc1dBenef\u00edciate de las propiedades que ambos productos te ofrecen con este pack. \u00a0","rel":"","context":"Similar post","img":{"alt_text":"","src":"https:\/\/i0.wp.com\/www.reinetablanca.com\/wp-content\/uploads\/2021\/09\/ACV-ReinetaBlanca-MIX-Amazon-2botellas-MAIN1.jpg?fit=1200%2C1200&ssl=1&resize=350%2C200","width":350,"height":200},"classes":[]},{"id":1417,"url":"https:\/\/www.reinetablanca.com\/en\/oldproducto\/vsm-2x500\/","url_meta":{"origin":2369,"position":2},"title":"Vinagre de sidra de manzana &#8211; Pack 2","date":"2 de June de 2021","format":false,"excerpt":"\ud83c\udf4f Pack 2 botellas de cristal de 500 ml. \ud83c\udf4f CON la MADRE - que aporta todas las prote\u00ednas y bacterias que hacen que el vinagre de sidra de manzana sea tan efectivo y saludable. \ud83c\udf4f 100% VINAGRE DE SIDRA DE MANZANA ARTESANAL - crudo, sin pasteurizar, sin filtrar y\u2026","rel":"","context":"Similar post","img":{"alt_text":"","src":"https:\/\/i0.wp.com\/www.reinetablanca.com\/wp-content\/uploads\/2021\/06\/botellas-dos.jpg?fit=800%2C800&ssl=1&resize=350%2C200","width":350,"height":200},"classes":[]},{"id":1915,"url":"https:\/\/www.reinetablanca.com\/en\/oldproducto\/vsm-6x500\/","url_meta":{"origin":2369,"position":3},"title":"Vinagre de sidra de manzana &#8211; Pack 6","date":"22 de March de 2022","format":false,"excerpt":"\ud83c\udf4f Pack 6 botellas de cristal de 500 ml. \ud83c\udf4f CON la MADRE - que aporta todas las prote\u00ednas y bacterias que hacen que el vinagre de sidra de manzana sea tan efectivo y saludable. \ud83c\udf4f 100% VINAGRE DE SIDRA DE MANZANA ARTESANAL - crudo, sin pasteurizar, sin filtrar y\u2026","rel":"","context":"Similar post","img":{"alt_text":"","src":"https:\/\/i0.wp.com\/www.reinetablanca.com\/wp-content\/uploads\/2021\/06\/botellas-seis.jpg?fit=800%2C800&ssl=1&resize=350%2C200","width":350,"height":200},"classes":[]},{"id":1660,"url":"https:\/\/www.reinetablanca.com\/en\/oldproducto\/vsmm-2x500\/","url_meta":{"origin":2369,"position":4},"title":"Vinagre de sidra de manzana con miel","date":"27 de September de 2021","format":false,"excerpt":"\ud83c\udf4f\ud83d\udc1d 2 botellas de cristal de Vinagre de Sidra de Manzana CON MIEL. \ud83c\udf4f\ud83d\udc1d Sin Pasteurizar. Procedente de la Sierra de Gredos, Espa\u00f1a \ud83c\udf4f\ud83d\udc1d Es especialmente arom\u00e1tico y refrescante, ideal para elaborar mil y una recetas saludables.","rel":"","context":"Similar post","img":{"alt_text":"","src":"https:\/\/i0.wp.com\/www.reinetablanca.com\/wp-content\/uploads\/2021\/09\/ACV-ReinetaBlanca-MIEL-Amazon-2botellas-MAIN.jpg?fit=1200%2C1200&ssl=1&resize=350%2C200","width":350,"height":200},"classes":[]}],"_links":{"self":[{"href":"https:\/\/www.reinetablanca.com\/en\/wp-json\/wp\/v2\/product\/2369"}],"collection":[{"href":"https:\/\/www.reinetablanca.com\/en\/wp-json\/wp\/v2\/product"}],"about":[{"href":"https:\/\/www.reinetablanca.com\/en\/wp-json\/wp\/v2\/types\/product"}],"replies":[{"embeddable":true,"href":"https:\/\/www.reinetablanca.com\/en\/wp-json\/wp\/v2\/comments?post=2369"}],"wp:featuredmedia":[{"embeddable":true,"href":"https:\/\/www.reinetablanca.com\/en\/wp-json\/wp\/v2\/media\/2373"}],"wp:attachment":[{"href":"https:\/\/www.reinetablanca.com\/en\/wp-json\/wp\/v2\/media?parent=2369"}],"wp:term":[{"taxonomy":"product_cat","embeddable":true,"href":"https:\/\/www.reinetablanca.com\/en\/wp-json\/wp\/v2\/product_cat?post=2369"},{"taxonomy":"product_tag","embeddable":true,"href":"https:\/\/www.reinetablanca.com\/en\/wp-json\/wp\/v2\/product_tag?post=2369"}],"curies":[{"name":"wp","href":"https:\/\/api.w.org\/{rel}","templated":true}]}}