{"id":1660,"date":"2021-09-27T13:49:27","date_gmt":"2021-09-27T12:49:27","guid":{"rendered":"https:\/\/www.reinetablanca.com\/?post_type=product&#038;p=1660"},"modified":"2023-10-28T19:53:11","modified_gmt":"2023-10-28T18:53:11","slug":"vsmm-2x500","status":"publish","type":"product","link":"https:\/\/www.reinetablanca.com\/en\/oldproducto\/vsmm-2x500\/","title":{"rendered":"ACV with honey \u00a0\u00a0&amp;nbsp Pack of 2 bottles"},"content":{"rendered":"<p>&#8211; El Vinagre de Sidra de Manzana REINETA BLANCA con miel se obtiene siguiendo el m\u00e9todo de fermentaci\u00f3n tradicional a partir de la sidra \u00fanica de la Sierra de Gredos, elaborada con las m\u00e1s deliciosas manzanas Reineta Blanca de Canad\u00e1, especie aut\u00f3ctona de las zonas de alta monta\u00f1a, mezcl\u00e1ndolo con deliciosa miel milflores de la misma zona geogr\u00e1fica.<\/p>\n<p>&#8211; Esta es su versi\u00f3n cruda, sin conservantes, sin pasteurizar. Por eso contiene la FANT\u00c1STICA MADRE, esas hebritas color ambar presentes en el fondo de la botella, fuente natural de probi\u00f3ticos y enzimas beneficiosas.<\/p>\n<p>&#8211; Su cualidad principal es la potente combinaci\u00f3n de millones de cultivos vivos con \u00e1cido ac\u00e9tico, pectina y sales minerales que junto con las propiedades que aporta la miel, mantienen tu organismo en equilibrio.<\/p>\n<p style=\"text-align: left;\">&#8211; Adem\u00e1s est\u00e1 buen\u00edsimo, es especialmente arom\u00e1tico y refrescante, ideal para elaborar mil y una recetas saludables.<\/p>","protected":false},"excerpt":{"rendered":"<pre><span style=\"font-size: 10pt;\"><span class=\"a-list-item\" style=\"font-family: Helvetica;\"><span style=\"font-family: Helvetica\"><span class=\"a-list-item\" style=\"font-size: 10pt\">\ud83c\udf4f\ud83d\udc1d 2 Apple Cider Vinegar WITH HONEY glass bottles of 500 ml.<\/span><\/span>\n<span style=\"font-family: Helvetica\"><span class=\"a-list-item\" style=\"font-size: 10pt\">\ud83c\udf4f\ud83d\udc1d Unpasteurized. From the Sierra de Gredos, Spain.<\/span><\/span> \r\n<\/span><span class=\"a-list-item\"><span style=\"font-family: Helvetica;\"><span style=\"font-family: Helvetica\"><span class=\"a-list-item\" style=\"font-size: 10pt\">\ud83c\udf4f\ud83d\udc1d t is especially aromatic and refreshing, ideal for preparing a thousand and one healthy recipes<\/span><\/span><\/span>.<\/span><\/span><\/pre>","protected":false},"featured_media":1663,"comment_status":"open","ping_status":"closed","template":"","meta":[],"product_cat":[19],"product_tag":[29],"yoast_head":"<!-- This site is optimized with the Yoast SEO plugin v21.0 - https:\/\/yoast.com\/wordpress\/plugins\/seo\/ -->\n<title>Vinagre de sidra de manzana con miel - Reineta Blanca<\/title>\n<meta name=\"robots\" content=\"index, follow, max-snippet:-1, max-image-preview:large, max-video-preview:-1\" \/>\n<link rel=\"canonical\" href=\"https:\/\/www.reinetablanca.com\/en\/oldproducto\/vsmm-2x500\/\" \/>\n<meta property=\"og:locale\" content=\"en_GB\" \/>\n<meta property=\"og:type\" content=\"article\" \/>\n<meta property=\"og:title\" content=\"Vinagre de sidra de manzana con miel - Reineta Blanca\" \/>\n<meta property=\"og:description\" content=\"\ud83c\udf4f\ud83d\udc1d 2 botellas de cristal de Vinagre de Sidra de Manzana CON MIEL. \ud83c\udf4f\ud83d\udc1d Sin Pasteurizar. Procedente de la Sierra de Gredos, Espa\u00f1a  \ud83c\udf4f\ud83d\udc1d Es especialmente arom\u00e1tico y refrescante, ideal para elaborar mil y una recetas saludables.\" \/>\n<meta property=\"og:url\" content=\"https:\/\/www.reinetablanca.com\/en\/oldproducto\/vsmm-2x500\/\" \/>\n<meta property=\"og:site_name\" content=\"Reineta Blanca\" \/>\n<meta property=\"article:publisher\" content=\"https:\/\/www.facebook.com\/Reineta-Blanca-104778368152041\/\" \/>\n<meta property=\"article:modified_time\" content=\"2023-10-28T18:53:11+00:00\" \/>\n<meta property=\"og:image\" content=\"https:\/\/i0.wp.com\/www.reinetablanca.com\/wp-content\/uploads\/2021\/06\/ACV-ReinetaBlanca-Amazon-PT02_recortada.jpg?fit=1493%2C1288&ssl=1\" \/>\n\t<meta property=\"og:image:width\" content=\"1493\" \/>\n\t<meta property=\"og:image:height\" content=\"1288\" \/>\n\t<meta property=\"og:image:type\" content=\"image\/jpeg\" \/>\n<meta name=\"twitter:card\" content=\"summary_large_image\" \/>\n<meta name=\"twitter:label1\" content=\"Estimated reading time\" \/>\n\t<meta name=\"twitter:data1\" content=\"1 minute\" \/>\n<script type=\"application\/ld+json\" class=\"yoast-schema-graph\">{\"@context\":\"https:\/\/schema.org\",\"@graph\":[{\"@type\":\"WebPage\",\"@id\":\"https:\/\/www.reinetablanca.com\/oldproducto\/vsmm-2x500\/\",\"url\":\"https:\/\/www.reinetablanca.com\/oldproducto\/vsmm-2x500\/\",\"name\":\"Vinagre de sidra de manzana con miel - Reineta Blanca\",\"isPartOf\":{\"@id\":\"https:\/\/www.reinetablanca.com\/#website\"},\"datePublished\":\"2021-09-27T12:49:27+00:00\",\"dateModified\":\"2023-10-28T18:53:11+00:00\",\"breadcrumb\":{\"@id\":\"https:\/\/www.reinetablanca.com\/oldproducto\/vsmm-2x500\/#breadcrumb\"},\"inLanguage\":\"en-GB\",\"potentialAction\":[{\"@type\":\"ReadAction\",\"target\":[\"https:\/\/www.reinetablanca.com\/oldproducto\/vsmm-2x500\/\"]}]},{\"@type\":\"BreadcrumbList\",\"@id\":\"https:\/\/www.reinetablanca.com\/oldproducto\/vsmm-2x500\/#breadcrumb\",\"itemListElement\":[{\"@type\":\"ListItem\",\"position\":1,\"name\":\"Portada\",\"item\":\"https:\/\/www.reinetablanca.com\/\"},{\"@type\":\"ListItem\",\"position\":2,\"name\":\"Tienda\",\"item\":\"https:\/\/www.reinetablanca.com\/oldtienda\/\"},{\"@type\":\"ListItem\",\"position\":3,\"name\":\"Vinagre de sidra de manzana con miel\"}]},{\"@type\":\"WebSite\",\"@id\":\"https:\/\/www.reinetablanca.com\/#website\",\"url\":\"https:\/\/www.reinetablanca.com\/\",\"name\":\"Reineta Blanca\",\"description\":\"Vinagres Artesanos\",\"publisher\":{\"@id\":\"https:\/\/www.reinetablanca.com\/#organization\"},\"potentialAction\":[{\"@type\":\"SearchAction\",\"target\":{\"@type\":\"EntryPoint\",\"urlTemplate\":\"https:\/\/www.reinetablanca.com\/?s={search_term_string}\"},\"query-input\":\"required name=search_term_string\"}],\"inLanguage\":\"en-GB\"},{\"@type\":\"Organization\",\"@id\":\"https:\/\/www.reinetablanca.com\/#organization\",\"name\":\"Reineta Blanca\",\"url\":\"https:\/\/www.reinetablanca.com\/\",\"logo\":{\"@type\":\"ImageObject\",\"inLanguage\":\"en-GB\",\"@id\":\"https:\/\/www.reinetablanca.com\/#\/schema\/logo\/image\/\",\"url\":\"https:\/\/www.reinetablanca.com\/wp-content\/uploads\/2020\/10\/TEINETA-BLANCA-.png\",\"contentUrl\":\"https:\/\/www.reinetablanca.com\/wp-content\/uploads\/2020\/10\/TEINETA-BLANCA-.png\",\"width\":619,\"height\":179,\"caption\":\"Reineta Blanca\"},\"image\":{\"@id\":\"https:\/\/www.reinetablanca.com\/#\/schema\/logo\/image\/\"},\"sameAs\":[\"https:\/\/www.facebook.com\/Reineta-Blanca-104778368152041\/\",\"https:\/\/www.instagram.com\/reinetablanca\/\",\"https:\/\/www.pinterest.es\/d4f4a7f68974d097182084a83fbc6f\/\"]}]}<\/script>\n<!-- \/ Yoast SEO plugin. -->","yoast_head_json":{"title":"Vinagre de sidra de manzana con miel - Reineta Blanca","robots":{"index":"index","follow":"follow","max-snippet":"max-snippet:-1","max-image-preview":"max-image-preview:large","max-video-preview":"max-video-preview:-1"},"canonical":"https:\/\/www.reinetablanca.com\/en\/oldproducto\/vsmm-2x500\/","og_locale":"en_GB","og_type":"article","og_title":"Vinagre de sidra de manzana con miel - Reineta Blanca","og_description":"\ud83c\udf4f\ud83d\udc1d 2 botellas de cristal de Vinagre de Sidra de Manzana CON MIEL. \ud83c\udf4f\ud83d\udc1d Sin Pasteurizar. Procedente de la Sierra de Gredos, Espa\u00f1a  \ud83c\udf4f\ud83d\udc1d Es especialmente arom\u00e1tico y refrescante, ideal para elaborar mil y una recetas saludables.","og_url":"https:\/\/www.reinetablanca.com\/en\/oldproducto\/vsmm-2x500\/","og_site_name":"Reineta Blanca","article_publisher":"https:\/\/www.facebook.com\/Reineta-Blanca-104778368152041\/","article_modified_time":"2023-10-28T18:53:11+00:00","og_image":[{"width":1493,"height":1288,"url":"https:\/\/i0.wp.com\/www.reinetablanca.com\/wp-content\/uploads\/2021\/06\/ACV-ReinetaBlanca-Amazon-PT02_recortada.jpg?fit=1493%2C1288&ssl=1","type":"image\/jpeg"}],"twitter_card":"summary_large_image","twitter_misc":{"Estimated reading time":"1 minute"},"schema":{"@context":"https:\/\/schema.org","@graph":[{"@type":"WebPage","@id":"https:\/\/www.reinetablanca.com\/oldproducto\/vsmm-2x500\/","url":"https:\/\/www.reinetablanca.com\/oldproducto\/vsmm-2x500\/","name":"Vinagre de sidra de manzana con miel - Reineta Blanca","isPartOf":{"@id":"https:\/\/www.reinetablanca.com\/#website"},"datePublished":"2021-09-27T12:49:27+00:00","dateModified":"2023-10-28T18:53:11+00:00","breadcrumb":{"@id":"https:\/\/www.reinetablanca.com\/oldproducto\/vsmm-2x500\/#breadcrumb"},"inLanguage":"en-GB","potentialAction":[{"@type":"ReadAction","target":["https:\/\/www.reinetablanca.com\/oldproducto\/vsmm-2x500\/"]}]},{"@type":"BreadcrumbList","@id":"https:\/\/www.reinetablanca.com\/oldproducto\/vsmm-2x500\/#breadcrumb","itemListElement":[{"@type":"ListItem","position":1,"name":"Portada","item":"https:\/\/www.reinetablanca.com\/"},{"@type":"ListItem","position":2,"name":"Tienda","item":"https:\/\/www.reinetablanca.com\/oldtienda\/"},{"@type":"ListItem","position":3,"name":"Vinagre de sidra de manzana con miel"}]},{"@type":"WebSite","@id":"https:\/\/www.reinetablanca.com\/#website","url":"https:\/\/www.reinetablanca.com\/","name":"Reineta Blanca","description":"Vinagres Artesanos","publisher":{"@id":"https:\/\/www.reinetablanca.com\/#organization"},"potentialAction":[{"@type":"SearchAction","target":{"@type":"EntryPoint","urlTemplate":"https:\/\/www.reinetablanca.com\/?s={search_term_string}"},"query-input":"required name=search_term_string"}],"inLanguage":"en-GB"},{"@type":"Organization","@id":"https:\/\/www.reinetablanca.com\/#organization","name":"Reineta Blanca","url":"https:\/\/www.reinetablanca.com\/","logo":{"@type":"ImageObject","inLanguage":"en-GB","@id":"https:\/\/www.reinetablanca.com\/#\/schema\/logo\/image\/","url":"https:\/\/www.reinetablanca.com\/wp-content\/uploads\/2020\/10\/TEINETA-BLANCA-.png","contentUrl":"https:\/\/www.reinetablanca.com\/wp-content\/uploads\/2020\/10\/TEINETA-BLANCA-.png","width":619,"height":179,"caption":"Reineta Blanca"},"image":{"@id":"https:\/\/www.reinetablanca.com\/#\/schema\/logo\/image\/"},"sameAs":["https:\/\/www.facebook.com\/Reineta-Blanca-104778368152041\/","https:\/\/www.instagram.com\/reinetablanca\/","https:\/\/www.pinterest.es\/d4f4a7f68974d097182084a83fbc6f\/"]}]}},"jetpack-related-posts":[{"id":1669,"url":"https:\/\/www.reinetablanca.com\/en\/oldproducto\/vsm_vsmm-2x500\/","url_meta":{"origin":1660,"position":0},"title":"Pack Reineta Blanca D\u00fao","date":"28 de September de 2021","format":false,"excerpt":"\ud83c\udf4f+\ud83c\udf4f\ud83d\udc1d Pack de 2 botellas de 500ml. \ud83c\udf4f+\ud83c\udf4f\ud83d\udc1d 1 botella de vinagre de sidra de manzana + 1 botella de vinagre de sidra con MIEL. \ud83c\udf4f+\ud83c\udf4f\ud83d\udc1dBenef\u00edciate de las propiedades que ambos productos te ofrecen con este pack. \u00a0","rel":"","context":"Similar post","img":{"alt_text":"","src":"https:\/\/i0.wp.com\/www.reinetablanca.com\/wp-content\/uploads\/2021\/09\/ACV-ReinetaBlanca-MIX-Amazon-2botellas-MAIN1.jpg?fit=1200%2C1200&ssl=1&resize=350%2C200","width":350,"height":200},"classes":[]},{"id":2379,"url":"https:\/\/www.reinetablanca.com\/en\/oldproducto\/vinagre-de-sidra-de-manzana-pack-botella-pouch-copia\/","url_meta":{"origin":1660,"position":1},"title":"Vinagre de sidra de manzana &#8211; Pack Pouch grifo","date":"10 de May de 2022","format":false,"excerpt":"\ud83c\udf4f Pack pouch con grifo de 1,5L para rellenar. \ud83c\udf4f CON la MADRE - que aporta todas las prote\u00ednas y bacterias que hacen que el vinagre de sidra de manzana sea tan efectivo y saludable. \ud83c\udf4f 100% VINAGRE DE SIDRA DE MANZANA ARTESANAL - crudo, sin pasteurizar, sin filtrar y\u2026","rel":"","context":"Similar post","img":{"alt_text":"","src":"https:\/\/i0.wp.com\/www.reinetablanca.com\/wp-content\/uploads\/2022\/05\/ReinetaBlanca-bolsa-frontal-Tienda_new.jpg?fit=1200%2C1200&ssl=1&resize=350%2C200","width":350,"height":200},"classes":[]},{"id":2369,"url":"https:\/\/www.reinetablanca.com\/en\/oldproducto\/vinagre-de-sidra-de-manzana-pack-botella-500ml-pouch-15l\/","url_meta":{"origin":1660,"position":2},"title":"Vinagre de sidra de manzana &#8211; Pack botella + pouch grifo","date":"9 de May de 2022","format":false,"excerpt":"\ud83c\udf4f Pack 1 botella de cristal de 500 ml + 1 pouch con grifo de 1,5L para rellenar. \ud83c\udf4f CON la MADRE - que aporta todas las prote\u00ednas y bacterias que hacen que el vinagre de sidra de manzana sea tan efectivo y saludable. \ud83c\udf4f 100% VINAGRE DE SIDRA DE\u2026","rel":"","context":"Similar post","img":{"alt_text":"","src":"https:\/\/i0.wp.com\/www.reinetablanca.com\/wp-content\/uploads\/2022\/05\/ReinetaBlanca-bolsabotella-frontal-tienda_new.jpg?fit=1200%2C1200&ssl=1&resize=350%2C200","width":350,"height":200},"classes":[]},{"id":1417,"url":"https:\/\/www.reinetablanca.com\/en\/oldproducto\/vsm-2x500\/","url_meta":{"origin":1660,"position":3},"title":"Vinagre de sidra de manzana &#8211; Pack 2","date":"2 de June de 2021","format":false,"excerpt":"\ud83c\udf4f Pack 2 botellas de cristal de 500 ml. \ud83c\udf4f CON la MADRE - que aporta todas las prote\u00ednas y bacterias que hacen que el vinagre de sidra de manzana sea tan efectivo y saludable. \ud83c\udf4f 100% VINAGRE DE SIDRA DE MANZANA ARTESANAL - crudo, sin pasteurizar, sin filtrar y\u2026","rel":"","context":"Similar post","img":{"alt_text":"","src":"https:\/\/i0.wp.com\/www.reinetablanca.com\/wp-content\/uploads\/2021\/06\/botellas-dos.jpg?fit=800%2C800&ssl=1&resize=350%2C200","width":350,"height":200},"classes":[]},{"id":1915,"url":"https:\/\/www.reinetablanca.com\/en\/oldproducto\/vsm-6x500\/","url_meta":{"origin":1660,"position":4},"title":"Vinagre de sidra de manzana &#8211; Pack 6","date":"22 de March de 2022","format":false,"excerpt":"\ud83c\udf4f Pack 6 botellas de cristal de 500 ml. \ud83c\udf4f CON la MADRE - que aporta todas las prote\u00ednas y bacterias que hacen que el vinagre de sidra de manzana sea tan efectivo y saludable. \ud83c\udf4f 100% VINAGRE DE SIDRA DE MANZANA ARTESANAL - crudo, sin pasteurizar, sin filtrar y\u2026","rel":"","context":"Similar post","img":{"alt_text":"","src":"https:\/\/i0.wp.com\/www.reinetablanca.com\/wp-content\/uploads\/2021\/06\/botellas-seis.jpg?fit=800%2C800&ssl=1&resize=350%2C200","width":350,"height":200},"classes":[]}],"_links":{"self":[{"href":"https:\/\/www.reinetablanca.com\/en\/wp-json\/wp\/v2\/product\/1660"}],"collection":[{"href":"https:\/\/www.reinetablanca.com\/en\/wp-json\/wp\/v2\/product"}],"about":[{"href":"https:\/\/www.reinetablanca.com\/en\/wp-json\/wp\/v2\/types\/product"}],"replies":[{"embeddable":true,"href":"https:\/\/www.reinetablanca.com\/en\/wp-json\/wp\/v2\/comments?post=1660"}],"wp:featuredmedia":[{"embeddable":true,"href":"https:\/\/www.reinetablanca.com\/en\/wp-json\/wp\/v2\/media\/1663"}],"wp:attachment":[{"href":"https:\/\/www.reinetablanca.com\/en\/wp-json\/wp\/v2\/media?parent=1660"}],"wp:term":[{"taxonomy":"product_cat","embeddable":true,"href":"https:\/\/www.reinetablanca.com\/en\/wp-json\/wp\/v2\/product_cat?post=1660"},{"taxonomy":"product_tag","embeddable":true,"href":"https:\/\/www.reinetablanca.com\/en\/wp-json\/wp\/v2\/product_tag?post=1660"}],"curies":[{"name":"wp","href":"https:\/\/api.w.org\/{rel}","templated":true}]}}